{"id":27,"date":"2025-02-17T09:43:11","date_gmt":"2025-02-17T09:43:11","guid":{"rendered":"https:\/\/paintballrush.ro\/wp\/home\/"},"modified":"2025-03-05T08:34:01","modified_gmt":"2025-03-05T08:34:01","slug":"home","status":"publish","type":"page","link":"https:\/\/paintballrush.ro\/wp\/","title":{"rendered":"Pachete Paintball Rush"},"content":{"rendered":"\n<div class=\"wp-block-group is-nowrap is-layout-flex wp-container-core-group-is-layout-ad2f72ca wp-block-group-is-layout-flex\">\n<p>75 lei \/ persoana (Echipament + 200 bile)<br>120 minute<br>Uprgrade la arma Cronus Tactical pentru 10 lei in plus la pachet.<br>Pret bile suplimentare:<br>-> 0.3 lei \/ bila suplimentara pentru mai putin de 500 de bile<br>->0,25 \/ bila suplimentara pentru peste 500 de bile <br>-> 0,25 \/ bila suplimentara pentru mai mult de 10 jucatori<br>+ La cerere putem colabora cu Pizza Jerry&#8217;s (pute\u021bi vedea meniul <a href=\"https:\/\/acrobat.adobe.com\/id\/urn:aaid:sc:EU:3386f271-b5a1-40b8-af7c-83daa5268ade\">aici<\/a>)<\/p>\n\n\n\n<p>Pachet Basic &#8211; 120 bile 70 lei \/ jucator<br>&#8211; Program non stop pe baza de rezervare<br>&#8211; Primesti echipament de joc complet<br>&#8211; TImp de joc: 2 ore de distractie si adrenalina in aer liber.<br>&#8211; Nu exista un nr. minim de jucatori: daca sunteti mai putini de 6, rezervarea terenului costa 420 de lei, iar de acesti bani primiti cele 720 bile aferente. <br>Pret bile suplimentare: 0,3 \/ bila suplimentar\u0103.<br>+ La cerere putem colabora cu Pizza Jerry&#8217;s (pute\u021bi vedea meniul <a href=\"https:\/\/acrobat.adobe.com\/id\/urn:aaid:sc:EU:3386f271-b5a1-40b8-af7c-83daa5268ade\">aici<\/a>)<\/p>\n<\/div>\n\n\n\n<div class=\"wp-block-group is-nowrap is-layout-flex wp-container-core-group-is-layout-ad2f72ca wp-block-group-is-layout-flex\"><\/div>\n\n\n\n\n\n\n\n<h2>Descopera Paintball Rush<\/h2>\n\n\n\n\n\n<p>Paintball Rush este destina\u021bia ideal\u0103 pentru iubitorii de adrenalin\u0103 \u0219i aventur\u0103! Situat \u00eentr-un cadru natural captivant, departe de agita\u021bia cotidian\u0103, terenul nostru de paintball ofer\u0103 o experien\u021b\u0103 intens\u0103 \u0219i plin\u0103 de ac\u021biune, perfect\u0103 pentru toate tipurile de grupuri: prieteni, familii, echipe de colegi sau pentru evenimente speciale, cum ar fi team building-uri \u0219i petreceri de neuitat. Cu zone de joc diverse \u0219i g\u00e2ndite pentru toate stilurile de competi\u021bie, de la meciuri de strategie p\u00e2n\u0103 la confrunt\u0103ri directe, suntem preg\u0103ti\u021bi s\u0103 \u00ee\u021bi oferim un mix unic de distrac\u021bie \u0219i provoc\u0103ri. Echipele vor avea la dispozi\u021bie echipamente de ultim\u0103 genera\u021bie, care asigur\u0103 siguran\u021ba \u0219i confortul tuturor participan\u021bilor, astfel \u00eenc\u00e2t s\u0103 te po\u021bi concentra pe ceea ce conteaz\u0103 cu adev\u0103rat: adrenalina jocului \u0219i momentele memorabile. La Paintball Rush, fiecare mi\u0219care conteaz\u0103, iar coordonarea \u0219i strategia sunt cheia pentru a c\u00e2\u0219tiga. Indiferent dac\u0103 e\u0219ti un juc\u0103tor experimentat sau un novice, vei g\u0103si un teren de joc adaptat nevoilor tale, oferindu-\u021bi posibilitatea de a-\u021bi testa limitele \u0219i de a \u00eenv\u0103\u021ba noi abilit\u0103\u021bi \u00eentr-un mediu prietenos, dar competitiv. Vino s\u0103 te al\u0103turi echipelor \u0219i s\u0103 \u00ee\u021bi testezi abilit\u0103\u021bile \u00eentr-o competi\u021bie plin\u0103 de energie, strategie \u0219i distrac\u021bie, care \u00ee\u021bi va l\u0103sa amintiri de neuitat!<\/p>\n\n\n\n\n\n<figure class=\"wp-block-image size-large\"><img loading=\"lazy\" decoding=\"async\" width=\"1024\" height=\"1024\" src=\"https:\/\/paintballrush.ro\/wp\/wp-content\/uploads\/2025\/02\/p-1024x1024.jpg\" alt=\"\" class=\"wp-image-42\" srcset=\"https:\/\/paintballrush.ro\/wp\/wp-content\/uploads\/2025\/02\/p-1024x1024.jpg 1024w, https:\/\/paintballrush.ro\/wp\/wp-content\/uploads\/2025\/02\/p-300x300.jpg 300w, https:\/\/paintballrush.ro\/wp\/wp-content\/uploads\/2025\/02\/p-150x150.jpg 150w, https:\/\/paintballrush.ro\/wp\/wp-content\/uploads\/2025\/02\/p-768x768.jpg 768w, https:\/\/paintballrush.ro\/wp\/wp-content\/uploads\/2025\/02\/p.jpg 1120w\" sizes=\"auto, (max-width: 1024px) 100vw, 1024px\" \/><\/figure>\n\n\n\n\n\n\n\n<h2><strong>De ce s\u0103 alegi Paintball Rush?<\/strong><\/h2>\n\n\n\n\n\n<h3>Echipamente premium<\/h3>\n\n\n\n<h4>La Paintball Rush, siguran\u021ba \u0219i confortul sunt prioritare, iar echipamentele noastre sunt de calitate superioar\u0103, garant\u00e2nd o experien\u021b\u0103 de joc f\u0103r\u0103 griji.<\/h4>\n\n\n\n<h3>Evenimente \u0219i oferte speciale<\/h3>\n\n\n\n<h4>Organizeaz\u0103-\u021bi petrecerea, team building-ul sau orice alt eveniment special la Paintball Rush \u0219i bucur\u0103-te de oferte exclusive \u0219i condi\u021bii personalizate pentru grupuri.<\/h4>\n\n\n\n<h3>Atmosfer\u0103 de echip\u0103<\/h3>\n\n\n\n<h4>Paintball Rush promoveaz\u0103 spiritul de echip\u0103 \u0219i colaborare, f\u0103c\u00e2ndu-l locul ideal pentru activit\u0103\u021bi de grup, evenimente corporate sau petreceri cu prietenii.<\/h4>\n\n\n\n<h3>Mediu sigur \u0219i primitor<\/h3>\n\n\n\n<h4>Ne asigur\u0103m c\u0103 to\u021bi participan\u021bii se simt \u00een siguran\u021b\u0103 \u0219i bineveni\u021bi, iar personalul nostru este profesionist \u0219i gata s\u0103 ajute oric\u00e2nd.<\/h4>\n\n\n\n<h3>Zon\u0103 de servit masa<\/h3>\n\n\n\n<h4>Dup\u0103 o partid\u0103 intens\u0103 de paintball, te po\u021bi relaxa \u00een zona noastr\u0103 de servit mas\u0103 \u0219i pe teras\u0103, unde vei g\u0103si un loc perfect pentru a te bucura de o mas\u0103 bine-meritat\u0103. Lucr\u0103m cu Pizza Jerry\u2019s, o alegere perfect\u0103 pentru a \u00eencheia ziua \u00eentr-un mod savuros \u0219i pl\u0103cut al\u0103turi de prieteni sau colegi.<\/h4>\n\n\n\n\n\n\n\n<h2><\/h2>\n\n\n\n\n\n\n\n\n\n\n\n\n\n\n\n\n\n\n\n<h2><\/h2>\n\n\n\n\n","protected":false},"excerpt":{"rendered":"","protected":false},"author":1,"featured_media":0,"parent":0,"menu_order":0,"comment_status":"closed","ping_status":"closed","template":"","meta":{"pagelayer_contact_templates":[],"_pagelayer_content":"","footnotes":""},"class_list":["post-27","page","type-page","status-publish","hentry"],"_links":{"self":[{"href":"https:\/\/paintballrush.ro\/wp\/wp-json\/wp\/v2\/pages\/27","targetHints":{"allow":["GET"]}}],"collection":[{"href":"https:\/\/paintballrush.ro\/wp\/wp-json\/wp\/v2\/pages"}],"about":[{"href":"https:\/\/paintballrush.ro\/wp\/wp-json\/wp\/v2\/types\/page"}],"author":[{"embeddable":true,"href":"https:\/\/paintballrush.ro\/wp\/wp-json\/wp\/v2\/users\/1"}],"replies":[{"embeddable":true,"href":"https:\/\/paintballrush.ro\/wp\/wp-json\/wp\/v2\/comments?post=27"}],"version-history":[{"count":24,"href":"https:\/\/paintballrush.ro\/wp\/wp-json\/wp\/v2\/pages\/27\/revisions"}],"predecessor-version":[{"id":119,"href":"https:\/\/paintballrush.ro\/wp\/wp-json\/wp\/v2\/pages\/27\/revisions\/119"}],"wp:attachment":[{"href":"https:\/\/paintballrush.ro\/wp\/wp-json\/wp\/v2\/media?parent=27"}],"curies":[{"name":"wp","href":"https:\/\/api.w.org\/{rel}","templated":true}]}}